{"id":1569,"date":"2024-09-10T15:53:29","date_gmt":"2024-09-10T14:53:29","guid":{"rendered":"https:\/\/plantteq.com\/?page_id=1569"},"modified":"2025-01-10T14:56:27","modified_gmt":"2025-01-10T13:56:27","slug":"houe-a-deplacement-lateral","status":"publish","type":"page","link":"https:\/\/plantteq.com\/fr\/houe-a-deplacement-lateral\/","title":{"rendered":"Houe \u00e0 d\u00e9placement lat\u00e9ral"},"content":{"rendered":"\t\t<div data-elementor-type=\"wp-post\" data-elementor-id=\"1569\" class=\"elementor elementor-1569 elementor-637\" data-elementor-post-type=\"page\">\n\t\t\t\t<div class=\"elementor-element elementor-element-6c4bc0a0 e-flex e-con-boxed e-con e-parent\" data-id=\"6c4bc0a0\" data-element_type=\"container\" data-settings=\"{&quot;background_background&quot;:&quot;slideshow&quot;,&quot;background_slideshow_gallery&quot;:[{&quot;id&quot;:896,&quot;url&quot;:&quot;https:\\\/\\\/plantteq.com\\\/wp-content\\\/uploads\\\/2024\\\/09\\\/vlcsnap-2024-09-11-12h38m07s865.png&quot;}],&quot;shape_divider_bottom&quot;:&quot;tilt&quot;,&quot;background_slideshow_loop&quot;:&quot;yes&quot;,&quot;background_slideshow_slide_duration&quot;:5000,&quot;background_slideshow_slide_transition&quot;:&quot;fade&quot;,&quot;background_slideshow_transition_duration&quot;:500}\">\n\t\t\t\t\t<div class=\"e-con-inner\">\n\t\t\t\t<div class=\"elementor-shape elementor-shape-bottom\" aria-hidden=\"true\" data-negative=\"false\">\n\t\t\t<svg xmlns=\"http:\/\/www.w3.org\/2000\/svg\" viewBox=\"0 0 1000 100\" preserveAspectRatio=\"none\">\n\t<path class=\"elementor-shape-fill\" d=\"M0,6V0h1000v100L0,6z\"\/>\n<\/svg>\t\t<\/div>\n\t\t\t\t<div class=\"elementor-element elementor-element-3ea9cb7b elementor-widget elementor-widget-spacer\" data-id=\"3ea9cb7b\" data-element_type=\"widget\" data-widget_type=\"spacer.default\">\n\t\t\t\t<div class=\"elementor-widget-container\">\n\t\t\t\t\t\t\t<div class=\"elementor-spacer\">\n\t\t\t<div class=\"elementor-spacer-inner\"><\/div>\n\t\t<\/div>\n\t\t\t\t\t\t<\/div>\n\t\t\t\t<\/div>\n\t\t<div class=\"elementor-element elementor-element-1a798c06 e-con-full e-flex e-con e-child\" data-id=\"1a798c06\" data-element_type=\"container\">\n\t\t\t\t<div class=\"elementor-element elementor-element-68f098c0 elementor-widget elementor-widget-heading\" data-id=\"68f098c0\" data-element_type=\"widget\" data-widget_type=\"heading.default\">\n\t\t\t\t<div class=\"elementor-widget-container\">\n\t\t\t\t\t<h2 class=\"elementor-heading-title elementor-size-default\">Houe \u00e0 d\u00e9placement lat\u00e9ral<\/h2>\t\t\t\t<\/div>\n\t\t\t\t<\/div>\n\t\t\t\t<div class=\"elementor-element elementor-element-65e0d6fb elementor-widget elementor-widget-button\" data-id=\"65e0d6fb\" data-element_type=\"widget\" data-widget_type=\"button.default\">\n\t\t\t\t<div class=\"elementor-widget-container\">\n\t\t\t\t\t\t\t\t\t<div class=\"elementor-button-wrapper\">\n\t\t\t\t\t<a class=\"elementor-button elementor-button-link elementor-size-sm\" href=\"#machines\">\n\t\t\t\t\t\t<span class=\"elementor-button-content-wrapper\">\n\t\t\t\t\t\t<span class=\"elementor-button-icon\">\n\t\t\t\t<svg aria-hidden=\"true\" class=\"e-font-icon-svg e-fas-arrow-down\" viewBox=\"0 0 448 512\" xmlns=\"http:\/\/www.w3.org\/2000\/svg\"><path d=\"M413.1 222.5l22.2 22.2c9.4 9.4 9.4 24.6 0 33.9L241 473c-9.4 9.4-24.6 9.4-33.9 0L12.7 278.6c-9.4-9.4-9.4-24.6 0-33.9l22.2-22.2c9.5-9.5 25-9.3 34.3.4L184 343.4V56c0-13.3 10.7-24 24-24h32c13.3 0 24 10.7 24 24v287.4l114.8-120.5c9.3-9.8 24.8-10 34.3-.4z\"><\/path><\/svg>\t\t\t<\/span>\n\t\t\t\t\t\t\t\t\t<span class=\"elementor-button-text\">Plus d'informations<\/span>\n\t\t\t\t\t<\/span>\n\t\t\t\t\t<\/a>\n\t\t\t\t<\/div>\n\t\t\t\t\t\t\t\t<\/div>\n\t\t\t\t<\/div>\n\t\t\t\t<div class=\"elementor-element elementor-element-6efc9ea9 elementor-widget elementor-widget-spacer\" data-id=\"6efc9ea9\" data-element_type=\"widget\" data-widget_type=\"spacer.default\">\n\t\t\t\t<div class=\"elementor-widget-container\">\n\t\t\t\t\t\t\t<div class=\"elementor-spacer\">\n\t\t\t<div class=\"elementor-spacer-inner\"><\/div>\n\t\t<\/div>\n\t\t\t\t\t\t<\/div>\n\t\t\t\t<\/div>\n\t\t\t\t<\/div>\n\t\t\t\t\t<\/div>\n\t\t\t\t<\/div>\n\t\t<div class=\"elementor-element elementor-element-15d10c98 e-flex e-con-boxed e-con e-parent\" data-id=\"15d10c98\" data-element_type=\"container\" data-settings=\"{&quot;background_background&quot;:&quot;classic&quot;,&quot;shape_divider_bottom&quot;:&quot;tilt&quot;}\">\n\t\t\t\t\t<div class=\"e-con-inner\">\n\t\t\t\t<div class=\"elementor-shape elementor-shape-bottom\" aria-hidden=\"true\" data-negative=\"false\">\n\t\t\t<svg xmlns=\"http:\/\/www.w3.org\/2000\/svg\" viewBox=\"0 0 1000 100\" preserveAspectRatio=\"none\">\n\t<path class=\"elementor-shape-fill\" d=\"M0,6V0h1000v100L0,6z\"\/>\n<\/svg>\t\t<\/div>\n\t\t<div class=\"elementor-element elementor-element-349cb1eb e-con-full e-flex e-con e-child\" data-id=\"349cb1eb\" data-element_type=\"container\">\n\t\t\t\t<div class=\"elementor-element elementor-element-31e17710 elementor-widget elementor-widget-heading\" data-id=\"31e17710\" data-element_type=\"widget\" data-widget_type=\"heading.default\">\n\t\t\t\t<div class=\"elementor-widget-container\">\n\t\t\t\t\t<h2 class=\"elementor-heading-title elementor-size-default\">Option d'extension courte<\/h2>\t\t\t\t<\/div>\n\t\t\t\t<\/div>\n\t\t\t\t<div class=\"elementor-element elementor-element-6df284d4 elementor-hidden-tablet elementor-hidden-mobile elementor-widget elementor-widget-button\" data-id=\"6df284d4\" data-element_type=\"widget\" data-widget_type=\"button.default\">\n\t\t\t\t<div class=\"elementor-widget-container\">\n\t\t\t\t\t\t\t\t\t<div class=\"elementor-button-wrapper\">\n\t\t\t\t\t<a class=\"elementor-button elementor-button-link elementor-size-sm\" href=\"mailto:info@plantteq.com\">\n\t\t\t\t\t\t<span class=\"elementor-button-content-wrapper\">\n\t\t\t\t\t\t\t\t\t<span class=\"elementor-button-text\">Direct contact <\/span>\n\t\t\t\t\t<\/span>\n\t\t\t\t\t<\/a>\n\t\t\t\t<\/div>\n\t\t\t\t\t\t\t\t<\/div>\n\t\t\t\t<\/div>\n\t\t\t\t<\/div>\n\t\t<div class=\"elementor-element elementor-element-1a0ff8cd e-con-full e-flex e-con e-child\" data-id=\"1a0ff8cd\" data-element_type=\"container\">\n\t\t\t\t<div class=\"elementor-element elementor-element-392cc28f elementor-widget elementor-widget-text-editor\" data-id=\"392cc28f\" data-element_type=\"widget\" data-widget_type=\"text-editor.default\">\n\t\t\t\t<div class=\"elementor-widget-container\">\n\t\t\t\t\t\t\t\t\t<p>Pour biner pr\u00e8s de la plante, la houe doit suivre exactement le rang de culture. Un simple palpeur dirige la bineuse vers la gauche et la droite. La vitesse de d\u00e9placement est r\u00e9glable \u00e9lectriquement.<\/p>\t\t\t\t\t\t\t\t<\/div>\n\t\t\t\t<\/div>\n\t\t\t\t<div class=\"elementor-element elementor-element-ea24e59 elementor-hidden-desktop elementor-hidden-tablet elementor-widget elementor-widget-button\" data-id=\"ea24e59\" data-element_type=\"widget\" data-widget_type=\"button.default\">\n\t\t\t\t<div class=\"elementor-widget-container\">\n\t\t\t\t\t\t\t\t\t<div class=\"elementor-button-wrapper\">\n\t\t\t\t\t<a class=\"elementor-button elementor-button-link elementor-size-sm\" href=\"mailto:info@plantteq.com\">\n\t\t\t\t\t\t<span class=\"elementor-button-content-wrapper\">\n\t\t\t\t\t\t\t\t\t<span class=\"elementor-button-text\">Direct contact <\/span>\n\t\t\t\t\t<\/span>\n\t\t\t\t\t<\/a>\n\t\t\t\t<\/div>\n\t\t\t\t\t\t\t\t<\/div>\n\t\t\t\t<\/div>\n\t\t\t\t<\/div>\n\t\t\t\t\t<\/div>\n\t\t\t\t<\/div>\n\t\t<div class=\"elementor-element elementor-element-6e7fe811 e-flex e-con-boxed e-con e-parent\" data-id=\"6e7fe811\" data-element_type=\"container\">\n\t\t\t\t\t<div class=\"e-con-inner\">\n\t\t\t\t<div class=\"elementor-element elementor-element-34069d6d elementor-widget elementor-widget-spacer\" data-id=\"34069d6d\" data-element_type=\"widget\" data-widget_type=\"spacer.default\">\n\t\t\t\t<div class=\"elementor-widget-container\">\n\t\t\t\t\t\t\t<div class=\"elementor-spacer\">\n\t\t\t<div class=\"elementor-spacer-inner\"><\/div>\n\t\t<\/div>\n\t\t\t\t\t\t<\/div>\n\t\t\t\t<\/div>\n\t\t\t\t\t<\/div>\n\t\t\t\t<\/div>\n\t\t<div class=\"elementor-element elementor-element-120c160c e-flex e-con-boxed e-con e-parent\" data-id=\"120c160c\" data-element_type=\"container\">\n\t\t\t\t\t<div class=\"e-con-inner\">\n\t\t<div class=\"elementor-element elementor-element-8257ac8 e-con-full e-flex e-con e-child\" data-id=\"8257ac8\" data-element_type=\"container\">\n\t\t\t\t<div class=\"elementor-element elementor-element-7246767 elementor-widget elementor-widget-text-editor\" data-id=\"7246767\" data-element_type=\"widget\" data-widget_type=\"text-editor.default\">\n\t\t\t\t<div class=\"elementor-widget-container\">\n\t\t\t\t\t\t\t\t\t<p>La sonde est fabriqu\u00e9e sur mesure et guide au moins 2 plantes des deux c\u00f4t\u00e9s.<\/p><p>Toute houe n\u00e9cessaire peut \u00eatre mont\u00e9e sur la poutre. Lorsque le d\u00e9placement lat\u00e9ral est lev\u00e9, il se met automatiquement en position centrale.<\/p>\t\t\t\t\t\t\t\t<\/div>\n\t\t\t\t<\/div>\n\t\t\t\t<\/div>\n\t\t<div class=\"elementor-element elementor-element-37fd7264 e-con-full e-flex e-con e-child\" data-id=\"37fd7264\" data-element_type=\"container\">\n\t\t\t\t<div class=\"elementor-element elementor-element-78310de elementor-widget elementor-widget-video\" data-id=\"78310de\" data-element_type=\"widget\" data-settings=\"{&quot;youtube_url&quot;:&quot;https:\\\/\\\/www.youtube.com\\\/watch?v=TY77bMOIwPo&quot;,&quot;video_type&quot;:&quot;youtube&quot;,&quot;controls&quot;:&quot;yes&quot;}\" data-widget_type=\"video.default\">\n\t\t\t\t<div class=\"elementor-widget-container\">\n\t\t\t\t\t\t\t<div class=\"elementor-wrapper elementor-open-inline\">\n\t\t\t<div class=\"elementor-video\"><\/div>\t\t<\/div>\n\t\t\t\t\t\t<\/div>\n\t\t\t\t<\/div>\n\t\t\t\t<\/div>\n\t\t\t\t\t<\/div>\n\t\t\t\t<\/div>\n\t\t<div class=\"elementor-element elementor-element-653fe838 e-flex e-con-boxed e-con e-parent\" data-id=\"653fe838\" data-element_type=\"container\">\n\t\t\t\t\t<div class=\"e-con-inner\">\n\t\t\t\t<div class=\"elementor-element elementor-element-4db7e426 elementor-widget elementor-widget-spacer\" data-id=\"4db7e426\" data-element_type=\"widget\" data-widget_type=\"spacer.default\">\n\t\t\t\t<div class=\"elementor-widget-container\">\n\t\t\t\t\t\t\t<div class=\"elementor-spacer\">\n\t\t\t<div class=\"elementor-spacer-inner\"><\/div>\n\t\t<\/div>\n\t\t\t\t\t\t<\/div>\n\t\t\t\t<\/div>\n\t\t\t\t\t<\/div>\n\t\t\t\t<\/div>\n\t\t<div class=\"elementor-element elementor-element-3f1b5348 e-flex e-con-boxed e-con e-parent\" data-id=\"3f1b5348\" data-element_type=\"container\" data-settings=\"{&quot;background_background&quot;:&quot;classic&quot;}\">\n\t\t\t\t\t<div class=\"e-con-inner\">\n\t\t<div class=\"elementor-element elementor-element-495a3736 e-con-full e-flex e-con e-child\" data-id=\"495a3736\" data-element_type=\"container\">\n\t\t\t\t<div class=\"elementor-element elementor-element-69525f71 elementor-widget elementor-widget-text-editor\" data-id=\"69525f71\" data-element_type=\"widget\" data-widget_type=\"text-editor.default\">\n\t\t\t\t<div class=\"elementor-widget-container\">\n\t\t\t\t\t\t\t\t\t<p>+31 (0)6 45285629<br \/><a href=\"mailto:info@plantteq.com\">info@plantteq.com<\/a><\/p>\t\t\t\t\t\t\t\t<\/div>\n\t\t\t\t<\/div>\n\t\t\t\t<div class=\"elementor-element elementor-element-240cd9eb elementor-shape-rounded elementor-grid-0 e-grid-align-center elementor-widget elementor-widget-social-icons\" data-id=\"240cd9eb\" data-element_type=\"widget\" data-widget_type=\"social-icons.default\">\n\t\t\t\t<div class=\"elementor-widget-container\">\n\t\t\t\t\t\t\t<div class=\"elementor-social-icons-wrapper elementor-grid\" role=\"list\">\n\t\t\t\t\t\t\t<span class=\"elementor-grid-item\" role=\"listitem\">\n\t\t\t\t\t<a class=\"elementor-icon elementor-social-icon elementor-social-icon-linkedin elementor-repeater-item-7be18d7\" href=\"https:\/\/www.linkedin.com\/company\/plantteq\/\" target=\"_blank\">\n\t\t\t\t\t\t<span class=\"elementor-screen-only\">Linkedin<\/span>\n\t\t\t\t\t\t<svg class=\"e-font-icon-svg e-fab-linkedin\" viewBox=\"0 0 448 512\" xmlns=\"http:\/\/www.w3.org\/2000\/svg\"><path d=\"M416 32H31.9C14.3 32 0 46.5 0 64.3v383.4C0 465.5 14.3 480 31.9 480H416c17.6 0 32-14.5 32-32.3V64.3c0-17.8-14.4-32.3-32-32.3zM135.4 416H69V202.2h66.5V416zm-33.2-243c-21.3 0-38.5-17.3-38.5-38.5S80.9 96 102.2 96c21.2 0 38.5 17.3 38.5 38.5 0 21.3-17.2 38.5-38.5 38.5zm282.1 243h-66.4V312c0-24.8-.5-56.7-34.5-56.7-34.6 0-39.9 27-39.9 54.9V416h-66.4V202.2h63.7v29.2h.9c8.9-16.8 30.6-34.5 62.9-34.5 67.2 0 79.7 44.3 79.7 101.9V416z\"><\/path><\/svg>\t\t\t\t\t<\/a>\n\t\t\t\t<\/span>\n\t\t\t\t\t\t\t<span class=\"elementor-grid-item\" role=\"listitem\">\n\t\t\t\t\t<a class=\"elementor-icon elementor-social-icon elementor-social-icon-facebook elementor-repeater-item-d745baa\" href=\"https:\/\/www.facebook.com\/PlantTeq\" target=\"_blank\">\n\t\t\t\t\t\t<span class=\"elementor-screen-only\">Facebook<\/span>\n\t\t\t\t\t\t<svg class=\"e-font-icon-svg e-fab-facebook\" viewBox=\"0 0 512 512\" xmlns=\"http:\/\/www.w3.org\/2000\/svg\"><path d=\"M504 256C504 119 393 8 256 8S8 119 8 256c0 123.78 90.69 226.38 209.25 245V327.69h-63V256h63v-54.64c0-62.15 37-96.48 93.67-96.48 27.14 0 55.52 4.84 55.52 4.84v61h-31.28c-30.8 0-40.41 19.12-40.41 38.73V256h68.78l-11 71.69h-57.78V501C413.31 482.38 504 379.78 504 256z\"><\/path><\/svg>\t\t\t\t\t<\/a>\n\t\t\t\t<\/span>\n\t\t\t\t\t\t\t<span class=\"elementor-grid-item\" role=\"listitem\">\n\t\t\t\t\t<a class=\"elementor-icon elementor-social-icon elementor-social-icon-youtube elementor-repeater-item-0f85734\" href=\"https:\/\/www.youtube.com\/@PlantTeq\" target=\"_blank\">\n\t\t\t\t\t\t<span class=\"elementor-screen-only\">Youtube<\/span>\n\t\t\t\t\t\t<svg class=\"e-font-icon-svg e-fab-youtube\" viewBox=\"0 0 576 512\" xmlns=\"http:\/\/www.w3.org\/2000\/svg\"><path d=\"M549.655 124.083c-6.281-23.65-24.787-42.276-48.284-48.597C458.781 64 288 64 288 64S117.22 64 74.629 75.486c-23.497 6.322-42.003 24.947-48.284 48.597-11.412 42.867-11.412 132.305-11.412 132.305s0 89.438 11.412 132.305c6.281 23.65 24.787 41.5 48.284 47.821C117.22 448 288 448 288 448s170.78 0 213.371-11.486c23.497-6.321 42.003-24.171 48.284-47.821 11.412-42.867 11.412-132.305 11.412-132.305s0-89.438-11.412-132.305zm-317.51 213.508V175.185l142.739 81.205-142.739 81.201z\"><\/path><\/svg>\t\t\t\t\t<\/a>\n\t\t\t\t<\/span>\n\t\t\t\t\t<\/div>\n\t\t\t\t\t\t<\/div>\n\t\t\t\t<\/div>\n\t\t\t\t<div class=\"elementor-element elementor-element-2bdcdc48 elementor-align-center elementor-widget elementor-widget-button\" data-id=\"2bdcdc48\" data-element_type=\"widget\" data-widget_type=\"button.default\">\n\t\t\t\t<div class=\"elementor-widget-container\">\n\t\t\t\t\t\t\t\t\t<div class=\"elementor-button-wrapper\">\n\t\t\t\t\t<a class=\"elementor-button elementor-button-link elementor-size-sm\" href=\"mailto:info@plantteq.com\">\n\t\t\t\t\t\t<span class=\"elementor-button-content-wrapper\">\n\t\t\t\t\t\t\t\t\t<span class=\"elementor-button-text\">Direct contact<\/span>\n\t\t\t\t\t<\/span>\n\t\t\t\t\t<\/a>\n\t\t\t\t<\/div>\n\t\t\t\t\t\t\t\t<\/div>\n\t\t\t\t<\/div>\n\t\t\t\t<\/div>\n\t\t\t\t\t<\/div>\n\t\t\t\t<\/div>\n\t\t\t\t<\/div>\n\t\t","protected":false},"excerpt":{"rendered":"<p>Houe \u00e0 d\u00e9placement lat\u00e9ral Plus d&rsquo;informations Option d&rsquo;extension courte Direct contact Pour biner pr\u00e8s de la plante, la houe doit suivre exactement le rang de culture. Un simple palpeur dirige la bineuse vers la gauche et la droite. La vitesse de d\u00e9placement est r\u00e9glable \u00e9lectriquement. Direct contact La sonde est fabriqu\u00e9e sur mesure et guide [&hellip;]<\/p>\n","protected":false},"author":4,"featured_media":0,"parent":0,"menu_order":0,"comment_status":"closed","ping_status":"closed","template":"elementor_header_footer","meta":{"footnotes":""},"class_list":["post-1569","page","type-page","status-publish","hentry"],"yoast_head":"<!-- This site is optimized with the Yoast SEO plugin v27.4 - https:\/\/yoast.com\/product\/yoast-seo-wordpress\/ -->\n<title>Houe \u00e0 d\u00e9placement lat\u00e9ral - Plantteq | Innovative Machinery<\/title>\n<meta name=\"robots\" content=\"index, follow, max-snippet:-1, max-image-preview:large, max-video-preview:-1\" \/>\n<link rel=\"canonical\" href=\"https:\/\/plantteq.com\/fr\/houe-a-deplacement-lateral\/\" \/>\n<meta property=\"og:locale\" content=\"fr_FR\" \/>\n<meta property=\"og:type\" content=\"article\" \/>\n<meta property=\"og:title\" content=\"Houe \u00e0 d\u00e9placement lat\u00e9ral - Plantteq | Innovative Machinery\" \/>\n<meta property=\"og:description\" content=\"Houe \u00e0 d\u00e9placement lat\u00e9ral Plus d&rsquo;informations Option d&rsquo;extension courte Direct contact Pour biner pr\u00e8s de la plante, la houe doit suivre exactement le rang de culture. Un simple palpeur dirige la bineuse vers la gauche et la droite. La vitesse de d\u00e9placement est r\u00e9glable \u00e9lectriquement. Direct contact La sonde est fabriqu\u00e9e sur mesure et guide [&hellip;]\" \/>\n<meta property=\"og:url\" content=\"https:\/\/plantteq.com\/fr\/houe-a-deplacement-lateral\/\" \/>\n<meta property=\"og:site_name\" content=\"Plantteq | Innovative Machinery\" \/>\n<meta property=\"article:publisher\" content=\"https:\/\/www.facebook.com\/PlantTeq\" \/>\n<meta property=\"article:modified_time\" content=\"2025-01-10T13:56:27+00:00\" \/>\n<meta name=\"twitter:card\" content=\"summary_large_image\" \/>\n<meta name=\"twitter:label1\" content=\"Dur\u00e9e de lecture estim\u00e9e\" \/>\n\t<meta name=\"twitter:data1\" content=\"1 minute\" \/>\n<script type=\"application\/ld+json\" class=\"yoast-schema-graph\">{\"@context\":\"https:\\\/\\\/schema.org\",\"@graph\":[{\"@type\":\"WebPage\",\"@id\":\"https:\\\/\\\/plantteq.com\\\/fr\\\/houe-a-deplacement-lateral\\\/\",\"url\":\"https:\\\/\\\/plantteq.com\\\/fr\\\/houe-a-deplacement-lateral\\\/\",\"name\":\"Houe \u00e0 d\u00e9placement lat\u00e9ral - Plantteq | Innovative Machinery\",\"isPartOf\":{\"@id\":\"https:\\\/\\\/plantteq.com\\\/fr\\\/#website\"},\"datePublished\":\"2024-09-10T14:53:29+00:00\",\"dateModified\":\"2025-01-10T13:56:27+00:00\",\"breadcrumb\":{\"@id\":\"https:\\\/\\\/plantteq.com\\\/fr\\\/houe-a-deplacement-lateral\\\/#breadcrumb\"},\"inLanguage\":\"fr-FR\",\"potentialAction\":[{\"@type\":\"ReadAction\",\"target\":[\"https:\\\/\\\/plantteq.com\\\/fr\\\/houe-a-deplacement-lateral\\\/\"]}]},{\"@type\":\"BreadcrumbList\",\"@id\":\"https:\\\/\\\/plantteq.com\\\/fr\\\/houe-a-deplacement-lateral\\\/#breadcrumb\",\"itemListElement\":[{\"@type\":\"ListItem\",\"position\":1,\"name\":\"Home\",\"item\":\"https:\\\/\\\/plantteq.com\\\/fr\\\/\"},{\"@type\":\"ListItem\",\"position\":2,\"name\":\"Houe \u00e0 d\u00e9placement lat\u00e9ral\"}]},{\"@type\":\"WebSite\",\"@id\":\"https:\\\/\\\/plantteq.com\\\/fr\\\/#website\",\"url\":\"https:\\\/\\\/plantteq.com\\\/fr\\\/\",\"name\":\"Plantteq | Innovative Machinery\",\"description\":\"\",\"publisher\":{\"@id\":\"https:\\\/\\\/plantteq.com\\\/fr\\\/#organization\"},\"potentialAction\":[{\"@type\":\"SearchAction\",\"target\":{\"@type\":\"EntryPoint\",\"urlTemplate\":\"https:\\\/\\\/plantteq.com\\\/fr\\\/?s={search_term_string}\"},\"query-input\":{\"@type\":\"PropertyValueSpecification\",\"valueRequired\":true,\"valueName\":\"search_term_string\"}}],\"inLanguage\":\"fr-FR\"},{\"@type\":\"Organization\",\"@id\":\"https:\\\/\\\/plantteq.com\\\/fr\\\/#organization\",\"name\":\"Plantteq | Innovative Machinery\",\"url\":\"https:\\\/\\\/plantteq.com\\\/fr\\\/\",\"logo\":{\"@type\":\"ImageObject\",\"inLanguage\":\"fr-FR\",\"@id\":\"https:\\\/\\\/plantteq.com\\\/fr\\\/#\\\/schema\\\/logo\\\/image\\\/\",\"url\":\"https:\\\/\\\/plantteq.com\\\/wp-content\\\/uploads\\\/2024\\\/08\\\/Logo_FC.png\",\"contentUrl\":\"https:\\\/\\\/plantteq.com\\\/wp-content\\\/uploads\\\/2024\\\/08\\\/Logo_FC.png\",\"width\":2606,\"height\":752,\"caption\":\"Plantteq | Innovative Machinery\"},\"image\":{\"@id\":\"https:\\\/\\\/plantteq.com\\\/fr\\\/#\\\/schema\\\/logo\\\/image\\\/\"},\"sameAs\":[\"https:\\\/\\\/www.facebook.com\\\/PlantTeq\",\"https:\\\/\\\/www.linkedin.com\\\/company\\\/plantteq\\\/\"]}]}<\/script>\n<!-- \/ Yoast SEO plugin. -->","yoast_head_json":{"title":"Houe \u00e0 d\u00e9placement lat\u00e9ral - Plantteq | Innovative Machinery","robots":{"index":"index","follow":"follow","max-snippet":"max-snippet:-1","max-image-preview":"max-image-preview:large","max-video-preview":"max-video-preview:-1"},"canonical":"https:\/\/plantteq.com\/fr\/houe-a-deplacement-lateral\/","og_locale":"fr_FR","og_type":"article","og_title":"Houe \u00e0 d\u00e9placement lat\u00e9ral - Plantteq | Innovative Machinery","og_description":"Houe \u00e0 d\u00e9placement lat\u00e9ral Plus d&rsquo;informations Option d&rsquo;extension courte Direct contact Pour biner pr\u00e8s de la plante, la houe doit suivre exactement le rang de culture. Un simple palpeur dirige la bineuse vers la gauche et la droite. La vitesse de d\u00e9placement est r\u00e9glable \u00e9lectriquement. Direct contact La sonde est fabriqu\u00e9e sur mesure et guide [&hellip;]","og_url":"https:\/\/plantteq.com\/fr\/houe-a-deplacement-lateral\/","og_site_name":"Plantteq | Innovative Machinery","article_publisher":"https:\/\/www.facebook.com\/PlantTeq","article_modified_time":"2025-01-10T13:56:27+00:00","twitter_card":"summary_large_image","twitter_misc":{"Dur\u00e9e de lecture estim\u00e9e":"1 minute"},"schema":{"@context":"https:\/\/schema.org","@graph":[{"@type":"WebPage","@id":"https:\/\/plantteq.com\/fr\/houe-a-deplacement-lateral\/","url":"https:\/\/plantteq.com\/fr\/houe-a-deplacement-lateral\/","name":"Houe \u00e0 d\u00e9placement lat\u00e9ral - Plantteq | Innovative Machinery","isPartOf":{"@id":"https:\/\/plantteq.com\/fr\/#website"},"datePublished":"2024-09-10T14:53:29+00:00","dateModified":"2025-01-10T13:56:27+00:00","breadcrumb":{"@id":"https:\/\/plantteq.com\/fr\/houe-a-deplacement-lateral\/#breadcrumb"},"inLanguage":"fr-FR","potentialAction":[{"@type":"ReadAction","target":["https:\/\/plantteq.com\/fr\/houe-a-deplacement-lateral\/"]}]},{"@type":"BreadcrumbList","@id":"https:\/\/plantteq.com\/fr\/houe-a-deplacement-lateral\/#breadcrumb","itemListElement":[{"@type":"ListItem","position":1,"name":"Home","item":"https:\/\/plantteq.com\/fr\/"},{"@type":"ListItem","position":2,"name":"Houe \u00e0 d\u00e9placement lat\u00e9ral"}]},{"@type":"WebSite","@id":"https:\/\/plantteq.com\/fr\/#website","url":"https:\/\/plantteq.com\/fr\/","name":"Plantteq | Innovative Machinery","description":"","publisher":{"@id":"https:\/\/plantteq.com\/fr\/#organization"},"potentialAction":[{"@type":"SearchAction","target":{"@type":"EntryPoint","urlTemplate":"https:\/\/plantteq.com\/fr\/?s={search_term_string}"},"query-input":{"@type":"PropertyValueSpecification","valueRequired":true,"valueName":"search_term_string"}}],"inLanguage":"fr-FR"},{"@type":"Organization","@id":"https:\/\/plantteq.com\/fr\/#organization","name":"Plantteq | Innovative Machinery","url":"https:\/\/plantteq.com\/fr\/","logo":{"@type":"ImageObject","inLanguage":"fr-FR","@id":"https:\/\/plantteq.com\/fr\/#\/schema\/logo\/image\/","url":"https:\/\/plantteq.com\/wp-content\/uploads\/2024\/08\/Logo_FC.png","contentUrl":"https:\/\/plantteq.com\/wp-content\/uploads\/2024\/08\/Logo_FC.png","width":2606,"height":752,"caption":"Plantteq | Innovative Machinery"},"image":{"@id":"https:\/\/plantteq.com\/fr\/#\/schema\/logo\/image\/"},"sameAs":["https:\/\/www.facebook.com\/PlantTeq","https:\/\/www.linkedin.com\/company\/plantteq\/"]}]}},"_links":{"self":[{"href":"https:\/\/plantteq.com\/fr\/wp-json\/wp\/v2\/pages\/1569","targetHints":{"allow":["GET"]}}],"collection":[{"href":"https:\/\/plantteq.com\/fr\/wp-json\/wp\/v2\/pages"}],"about":[{"href":"https:\/\/plantteq.com\/fr\/wp-json\/wp\/v2\/types\/page"}],"author":[{"embeddable":true,"href":"https:\/\/plantteq.com\/fr\/wp-json\/wp\/v2\/users\/4"}],"replies":[{"embeddable":true,"href":"https:\/\/plantteq.com\/fr\/wp-json\/wp\/v2\/comments?post=1569"}],"version-history":[{"count":0,"href":"https:\/\/plantteq.com\/fr\/wp-json\/wp\/v2\/pages\/1569\/revisions"}],"wp:attachment":[{"href":"https:\/\/plantteq.com\/fr\/wp-json\/wp\/v2\/media?parent=1569"}],"curies":[{"name":"wp","href":"https:\/\/api.w.org\/{rel}","templated":true}]}}