{"id":1488,"date":"2024-08-20T13:43:39","date_gmt":"2024-08-20T12:43:39","guid":{"rendered":"https:\/\/plantteq.com\/?page_id=1488"},"modified":"2025-01-07T22:07:38","modified_gmt":"2025-01-07T21:07:38","slug":"kontact","status":"publish","type":"page","link":"https:\/\/plantteq.com\/de\/kontact\/","title":{"rendered":"Kontact"},"content":{"rendered":"\t\t<div data-elementor-type=\"wp-page\" data-elementor-id=\"1488\" class=\"elementor elementor-1488 elementor-129\" data-elementor-post-type=\"page\">\n\t\t\t\t<div class=\"elementor-element elementor-element-861df95 e-flex e-con-boxed e-con e-parent\" data-id=\"861df95\" data-element_type=\"container\" data-settings=\"{&quot;background_background&quot;:&quot;slideshow&quot;,&quot;background_slideshow_gallery&quot;:[{&quot;id&quot;:623,&quot;url&quot;:&quot;https:\\\/\\\/plantteq.com\\\/wp-content\\\/uploads\\\/2024\\\/08\\\/IMG_3360-scaled-e1725020116696.jpg&quot;}],&quot;shape_divider_bottom&quot;:&quot;tilt&quot;,&quot;background_slideshow_loop&quot;:&quot;yes&quot;,&quot;background_slideshow_slide_duration&quot;:5000,&quot;background_slideshow_slide_transition&quot;:&quot;fade&quot;,&quot;background_slideshow_transition_duration&quot;:500}\">\n\t\t\t\t\t<div class=\"e-con-inner\">\n\t\t\t\t<div class=\"elementor-shape elementor-shape-bottom\" aria-hidden=\"true\" data-negative=\"false\">\n\t\t\t<svg xmlns=\"http:\/\/www.w3.org\/2000\/svg\" viewBox=\"0 0 1000 100\" preserveAspectRatio=\"none\">\n\t<path class=\"elementor-shape-fill\" d=\"M0,6V0h1000v100L0,6z\"\/>\n<\/svg>\t\t<\/div>\n\t\t\t\t<div class=\"elementor-element elementor-element-35a05f1 elementor-widget elementor-widget-spacer\" data-id=\"35a05f1\" data-element_type=\"widget\" data-widget_type=\"spacer.default\">\n\t\t\t\t<div class=\"elementor-widget-container\">\n\t\t\t\t\t\t\t<div class=\"elementor-spacer\">\n\t\t\t<div class=\"elementor-spacer-inner\"><\/div>\n\t\t<\/div>\n\t\t\t\t\t\t<\/div>\n\t\t\t\t<\/div>\n\t\t<div class=\"elementor-element elementor-element-647ffda e-con-full e-flex e-con e-child\" data-id=\"647ffda\" data-element_type=\"container\">\n\t\t\t\t<div class=\"elementor-element elementor-element-5428e80 elementor-widget elementor-widget-heading\" data-id=\"5428e80\" data-element_type=\"widget\" data-widget_type=\"heading.default\">\n\t\t\t\t<div class=\"elementor-widget-container\">\n\t\t\t\t\t<h2 class=\"elementor-heading-title elementor-size-default\">Kontakt<\/h2>\t\t\t\t<\/div>\n\t\t\t\t<\/div>\n\t\t\t\t<div class=\"elementor-element elementor-element-1c9dd65 elementor-widget elementor-widget-button\" data-id=\"1c9dd65\" data-element_type=\"widget\" data-widget_type=\"button.default\">\n\t\t\t\t<div class=\"elementor-widget-container\">\n\t\t\t\t\t\t\t\t\t<div class=\"elementor-button-wrapper\">\n\t\t\t\t\t<a class=\"elementor-button elementor-button-link elementor-size-sm\" href=\"#Contact\">\n\t\t\t\t\t\t<span class=\"elementor-button-content-wrapper\">\n\t\t\t\t\t\t<span class=\"elementor-button-icon\">\n\t\t\t\t<svg aria-hidden=\"true\" class=\"e-font-icon-svg e-fas-arrow-down\" viewBox=\"0 0 448 512\" xmlns=\"http:\/\/www.w3.org\/2000\/svg\"><path d=\"M413.1 222.5l22.2 22.2c9.4 9.4 9.4 24.6 0 33.9L241 473c-9.4 9.4-24.6 9.4-33.9 0L12.7 278.6c-9.4-9.4-9.4-24.6 0-33.9l22.2-22.2c9.5-9.5 25-9.3 34.3.4L184 343.4V56c0-13.3 10.7-24 24-24h32c13.3 0 24 10.7 24 24v287.4l114.8-120.5c9.3-9.8 24.8-10 34.3-.4z\"><\/path><\/svg>\t\t\t<\/span>\n\t\t\t\t\t\t\t\t\t<span class=\"elementor-button-text\">mehr Informationen<\/span>\n\t\t\t\t\t<\/span>\n\t\t\t\t\t<\/a>\n\t\t\t\t<\/div>\n\t\t\t\t\t\t\t\t<\/div>\n\t\t\t\t<\/div>\n\t\t\t\t<div class=\"elementor-element elementor-element-16e49ab elementor-widget elementor-widget-spacer\" data-id=\"16e49ab\" data-element_type=\"widget\" data-widget_type=\"spacer.default\">\n\t\t\t\t<div class=\"elementor-widget-container\">\n\t\t\t\t\t\t\t<div class=\"elementor-spacer\">\n\t\t\t<div class=\"elementor-spacer-inner\"><\/div>\n\t\t<\/div>\n\t\t\t\t\t\t<\/div>\n\t\t\t\t<\/div>\n\t\t\t\t<\/div>\n\t\t\t\t\t<\/div>\n\t\t\t\t<\/div>\n\t\t<div class=\"elementor-element elementor-element-6b03a40 e-flex e-con-boxed e-con e-parent\" data-id=\"6b03a40\" data-element_type=\"container\" data-settings=\"{&quot;background_background&quot;:&quot;classic&quot;,&quot;shape_divider_bottom&quot;:&quot;tilt&quot;}\">\n\t\t\t\t\t<div class=\"e-con-inner\">\n\t\t\t\t<div class=\"elementor-shape elementor-shape-bottom\" aria-hidden=\"true\" data-negative=\"false\">\n\t\t\t<svg xmlns=\"http:\/\/www.w3.org\/2000\/svg\" viewBox=\"0 0 1000 100\" preserveAspectRatio=\"none\">\n\t<path class=\"elementor-shape-fill\" d=\"M0,6V0h1000v100L0,6z\"\/>\n<\/svg>\t\t<\/div>\n\t\t<div class=\"elementor-element elementor-element-bc7bc39 e-con-full e-flex e-con e-child\" data-id=\"bc7bc39\" data-element_type=\"container\">\n\t\t\t\t<div class=\"elementor-element elementor-element-e92a0e7 elementor-widget elementor-widget-text-editor\" data-id=\"e92a0e7\" data-element_type=\"widget\" id=\"Contact\" data-widget_type=\"text-editor.default\">\n\t\t\t\t<div class=\"elementor-widget-container\">\n\t\t\t\t\t\t\t\t\t<p>Wenn Sie Fragen zu einem Projekt haben oder sich f\u00fcr eine ma\u00dfgeschneiderte Maschine interessieren, k\u00f6nnen Sie sich gerne an uns wenden.<\/p>\t\t\t\t\t\t\t\t<\/div>\n\t\t\t\t<\/div>\n\t\t\t\t<div class=\"elementor-element elementor-element-5129a80 elementor-align-left elementor-mobile-align-center elementor-widget elementor-widget-button\" data-id=\"5129a80\" data-element_type=\"widget\" data-widget_type=\"button.default\">\n\t\t\t\t<div class=\"elementor-widget-container\">\n\t\t\t\t\t\t\t\t\t<div class=\"elementor-button-wrapper\">\n\t\t\t\t\t<a class=\"elementor-button elementor-button-link elementor-size-sm\" href=\"mailto:info@plantteq.com\">\n\t\t\t\t\t\t<span class=\"elementor-button-content-wrapper\">\n\t\t\t\t\t\t\t\t\t<span class=\"elementor-button-text\">Direkter Kontakt<\/span>\n\t\t\t\t\t<\/span>\n\t\t\t\t\t<\/a>\n\t\t\t\t<\/div>\n\t\t\t\t\t\t\t\t<\/div>\n\t\t\t\t<\/div>\n\t\t\t\t<\/div>\n\t\t<div class=\"elementor-element elementor-element-b54b1a1 e-con-full e-flex e-con e-child\" data-id=\"b54b1a1\" data-element_type=\"container\" data-settings=\"{&quot;background_background&quot;:&quot;classic&quot;}\">\n\t\t\t\t<div class=\"elementor-element elementor-element-0d0a8fd elementor-widget elementor-widget-text-editor\" data-id=\"0d0a8fd\" data-element_type=\"widget\" data-widget_type=\"text-editor.default\">\n\t\t\t\t<div class=\"elementor-widget-container\">\n\t\t\t\t\t\t\t\t\t<p>Walsert 1. 5449AD <br \/>Rijkevoort-de Walsert <br \/>The Netherlands<\/p><p><a href=\"_wp_link_placeholder\" data-wplink-edit=\"true\">+31 (0)6 45285629<\/a><br \/><a href=\"mailto:info@PlantTeq.com\">info@PlantTeq.com<\/a><\/p>\t\t\t\t\t\t\t\t<\/div>\n\t\t\t\t<\/div>\n\t\t\t\t<\/div>\n\t\t\t\t\t<\/div>\n\t\t\t\t<\/div>\n\t\t<div class=\"elementor-element elementor-element-0715ae2 e-flex e-con-boxed e-con e-parent\" data-id=\"0715ae2\" data-element_type=\"container\">\n\t\t\t\t\t<div class=\"e-con-inner\">\n\t\t\t\t<div class=\"elementor-element elementor-element-5c40308 elementor-widget elementor-widget-spacer\" data-id=\"5c40308\" data-element_type=\"widget\" data-widget_type=\"spacer.default\">\n\t\t\t\t<div class=\"elementor-widget-container\">\n\t\t\t\t\t\t\t<div class=\"elementor-spacer\">\n\t\t\t<div class=\"elementor-spacer-inner\"><\/div>\n\t\t<\/div>\n\t\t\t\t\t\t<\/div>\n\t\t\t\t<\/div>\n\t\t\t\t\t<\/div>\n\t\t\t\t<\/div>\n\t\t<div class=\"elementor-element elementor-element-1ceec36 e-con-full e-flex e-con e-parent\" data-id=\"1ceec36\" data-element_type=\"container\">\n\t\t\t\t<div class=\"elementor-element elementor-element-f91cbcd elementor-widget__width-inherit elementor-widget elementor-widget-google_maps\" data-id=\"f91cbcd\" data-element_type=\"widget\" data-widget_type=\"google_maps.default\">\n\t\t\t\t<div class=\"elementor-widget-container\">\n\t\t\t\t\t\t\t<div class=\"elementor-custom-embed\">\n\t\t\t<iframe loading=\"lazy\"\n\t\t\t\t\tsrc=\"https:\/\/maps.google.com\/maps?q=walsert%201&#038;t=m&#038;z=9&#038;output=embed&#038;iwloc=near\"\n\t\t\t\t\ttitle=\"walsert 1\"\n\t\t\t\t\taria-label=\"walsert 1\"\n\t\t\t><\/iframe>\n\t\t<\/div>\n\t\t\t\t\t\t<\/div>\n\t\t\t\t<\/div>\n\t\t\t\t<\/div>\n\t\t\t\t<\/div>\n\t\t","protected":false},"excerpt":{"rendered":"<p>Kontakt mehr Informationen Wenn Sie Fragen zu einem Projekt haben oder sich f\u00fcr eine ma\u00dfgeschneiderte Maschine interessieren, k\u00f6nnen Sie sich gerne an uns wenden. Direkter Kontakt Walsert 1. 5449AD Rijkevoort-de Walsert The Netherlands +31 (0)6 45285629info@PlantTeq.com<\/p>\n","protected":false},"author":4,"featured_media":0,"parent":0,"menu_order":0,"comment_status":"closed","ping_status":"closed","template":"elementor_header_footer","meta":{"footnotes":""},"class_list":["post-1488","page","type-page","status-publish","hentry"],"yoast_head":"<!-- This site is optimized with the Yoast SEO plugin v27.4 - https:\/\/yoast.com\/product\/yoast-seo-wordpress\/ -->\n<title>Kontact - Plantteq | Innovative Machinery<\/title>\n<meta name=\"robots\" content=\"index, follow, max-snippet:-1, max-image-preview:large, max-video-preview:-1\" \/>\n<link rel=\"canonical\" href=\"https:\/\/plantteq.com\/de\/kontact\/\" \/>\n<meta property=\"og:locale\" content=\"de_DE\" \/>\n<meta property=\"og:type\" content=\"article\" \/>\n<meta property=\"og:title\" content=\"Kontact - Plantteq | Innovative Machinery\" \/>\n<meta property=\"og:description\" content=\"Kontakt mehr Informationen Wenn Sie Fragen zu einem Projekt haben oder sich f\u00fcr eine ma\u00dfgeschneiderte Maschine interessieren, k\u00f6nnen Sie sich gerne an uns wenden. Direkter Kontakt Walsert 1. 5449AD Rijkevoort-de Walsert The Netherlands +31 (0)6 45285629info@PlantTeq.com\" \/>\n<meta property=\"og:url\" content=\"https:\/\/plantteq.com\/de\/kontact\/\" \/>\n<meta property=\"og:site_name\" content=\"Plantteq | Innovative Machinery\" \/>\n<meta property=\"article:publisher\" content=\"https:\/\/www.facebook.com\/PlantTeq\" \/>\n<meta property=\"article:modified_time\" content=\"2025-01-07T21:07:38+00:00\" \/>\n<meta name=\"twitter:card\" content=\"summary_large_image\" \/>\n<meta name=\"twitter:label1\" content=\"Gesch\u00e4tzte Lesezeit\" \/>\n\t<meta name=\"twitter:data1\" content=\"1\u00a0Minute\" \/>\n<script type=\"application\/ld+json\" class=\"yoast-schema-graph\">{\"@context\":\"https:\\\/\\\/schema.org\",\"@graph\":[{\"@type\":\"WebPage\",\"@id\":\"https:\\\/\\\/plantteq.com\\\/de\\\/kontact\\\/\",\"url\":\"https:\\\/\\\/plantteq.com\\\/de\\\/kontact\\\/\",\"name\":\"Kontact - Plantteq | Innovative Machinery\",\"isPartOf\":{\"@id\":\"https:\\\/\\\/plantteq.com\\\/de\\\/#website\"},\"datePublished\":\"2024-08-20T12:43:39+00:00\",\"dateModified\":\"2025-01-07T21:07:38+00:00\",\"breadcrumb\":{\"@id\":\"https:\\\/\\\/plantteq.com\\\/de\\\/kontact\\\/#breadcrumb\"},\"inLanguage\":\"de\",\"potentialAction\":[{\"@type\":\"ReadAction\",\"target\":[\"https:\\\/\\\/plantteq.com\\\/de\\\/kontact\\\/\"]}]},{\"@type\":\"BreadcrumbList\",\"@id\":\"https:\\\/\\\/plantteq.com\\\/de\\\/kontact\\\/#breadcrumb\",\"itemListElement\":[{\"@type\":\"ListItem\",\"position\":1,\"name\":\"Home\",\"item\":\"https:\\\/\\\/plantteq.com\\\/de\\\/\"},{\"@type\":\"ListItem\",\"position\":2,\"name\":\"Kontact\"}]},{\"@type\":\"WebSite\",\"@id\":\"https:\\\/\\\/plantteq.com\\\/de\\\/#website\",\"url\":\"https:\\\/\\\/plantteq.com\\\/de\\\/\",\"name\":\"Plantteq | Innovative Machinery\",\"description\":\"\",\"publisher\":{\"@id\":\"https:\\\/\\\/plantteq.com\\\/de\\\/#organization\"},\"potentialAction\":[{\"@type\":\"SearchAction\",\"target\":{\"@type\":\"EntryPoint\",\"urlTemplate\":\"https:\\\/\\\/plantteq.com\\\/de\\\/?s={search_term_string}\"},\"query-input\":{\"@type\":\"PropertyValueSpecification\",\"valueRequired\":true,\"valueName\":\"search_term_string\"}}],\"inLanguage\":\"de\"},{\"@type\":\"Organization\",\"@id\":\"https:\\\/\\\/plantteq.com\\\/de\\\/#organization\",\"name\":\"Plantteq | Innovative Machinery\",\"url\":\"https:\\\/\\\/plantteq.com\\\/de\\\/\",\"logo\":{\"@type\":\"ImageObject\",\"inLanguage\":\"de\",\"@id\":\"https:\\\/\\\/plantteq.com\\\/de\\\/#\\\/schema\\\/logo\\\/image\\\/\",\"url\":\"https:\\\/\\\/plantteq.com\\\/wp-content\\\/uploads\\\/2024\\\/08\\\/Logo_FC.png\",\"contentUrl\":\"https:\\\/\\\/plantteq.com\\\/wp-content\\\/uploads\\\/2024\\\/08\\\/Logo_FC.png\",\"width\":2606,\"height\":752,\"caption\":\"Plantteq | Innovative Machinery\"},\"image\":{\"@id\":\"https:\\\/\\\/plantteq.com\\\/de\\\/#\\\/schema\\\/logo\\\/image\\\/\"},\"sameAs\":[\"https:\\\/\\\/www.facebook.com\\\/PlantTeq\",\"https:\\\/\\\/www.linkedin.com\\\/company\\\/plantteq\\\/\"]}]}<\/script>\n<!-- \/ Yoast SEO plugin. -->","yoast_head_json":{"title":"Kontact - Plantteq | Innovative Machinery","robots":{"index":"index","follow":"follow","max-snippet":"max-snippet:-1","max-image-preview":"max-image-preview:large","max-video-preview":"max-video-preview:-1"},"canonical":"https:\/\/plantteq.com\/de\/kontact\/","og_locale":"de_DE","og_type":"article","og_title":"Kontact - Plantteq | Innovative Machinery","og_description":"Kontakt mehr Informationen Wenn Sie Fragen zu einem Projekt haben oder sich f\u00fcr eine ma\u00dfgeschneiderte Maschine interessieren, k\u00f6nnen Sie sich gerne an uns wenden. Direkter Kontakt Walsert 1. 5449AD Rijkevoort-de Walsert The Netherlands +31 (0)6 45285629info@PlantTeq.com","og_url":"https:\/\/plantteq.com\/de\/kontact\/","og_site_name":"Plantteq | Innovative Machinery","article_publisher":"https:\/\/www.facebook.com\/PlantTeq","article_modified_time":"2025-01-07T21:07:38+00:00","twitter_card":"summary_large_image","twitter_misc":{"Gesch\u00e4tzte Lesezeit":"1\u00a0Minute"},"schema":{"@context":"https:\/\/schema.org","@graph":[{"@type":"WebPage","@id":"https:\/\/plantteq.com\/de\/kontact\/","url":"https:\/\/plantteq.com\/de\/kontact\/","name":"Kontact - Plantteq | Innovative Machinery","isPartOf":{"@id":"https:\/\/plantteq.com\/de\/#website"},"datePublished":"2024-08-20T12:43:39+00:00","dateModified":"2025-01-07T21:07:38+00:00","breadcrumb":{"@id":"https:\/\/plantteq.com\/de\/kontact\/#breadcrumb"},"inLanguage":"de","potentialAction":[{"@type":"ReadAction","target":["https:\/\/plantteq.com\/de\/kontact\/"]}]},{"@type":"BreadcrumbList","@id":"https:\/\/plantteq.com\/de\/kontact\/#breadcrumb","itemListElement":[{"@type":"ListItem","position":1,"name":"Home","item":"https:\/\/plantteq.com\/de\/"},{"@type":"ListItem","position":2,"name":"Kontact"}]},{"@type":"WebSite","@id":"https:\/\/plantteq.com\/de\/#website","url":"https:\/\/plantteq.com\/de\/","name":"Plantteq | Innovative Machinery","description":"","publisher":{"@id":"https:\/\/plantteq.com\/de\/#organization"},"potentialAction":[{"@type":"SearchAction","target":{"@type":"EntryPoint","urlTemplate":"https:\/\/plantteq.com\/de\/?s={search_term_string}"},"query-input":{"@type":"PropertyValueSpecification","valueRequired":true,"valueName":"search_term_string"}}],"inLanguage":"de"},{"@type":"Organization","@id":"https:\/\/plantteq.com\/de\/#organization","name":"Plantteq | Innovative Machinery","url":"https:\/\/plantteq.com\/de\/","logo":{"@type":"ImageObject","inLanguage":"de","@id":"https:\/\/plantteq.com\/de\/#\/schema\/logo\/image\/","url":"https:\/\/plantteq.com\/wp-content\/uploads\/2024\/08\/Logo_FC.png","contentUrl":"https:\/\/plantteq.com\/wp-content\/uploads\/2024\/08\/Logo_FC.png","width":2606,"height":752,"caption":"Plantteq | Innovative Machinery"},"image":{"@id":"https:\/\/plantteq.com\/de\/#\/schema\/logo\/image\/"},"sameAs":["https:\/\/www.facebook.com\/PlantTeq","https:\/\/www.linkedin.com\/company\/plantteq\/"]}]}},"_links":{"self":[{"href":"https:\/\/plantteq.com\/de\/wp-json\/wp\/v2\/pages\/1488","targetHints":{"allow":["GET"]}}],"collection":[{"href":"https:\/\/plantteq.com\/de\/wp-json\/wp\/v2\/pages"}],"about":[{"href":"https:\/\/plantteq.com\/de\/wp-json\/wp\/v2\/types\/page"}],"author":[{"embeddable":true,"href":"https:\/\/plantteq.com\/de\/wp-json\/wp\/v2\/users\/4"}],"replies":[{"embeddable":true,"href":"https:\/\/plantteq.com\/de\/wp-json\/wp\/v2\/comments?post=1488"}],"version-history":[{"count":0,"href":"https:\/\/plantteq.com\/de\/wp-json\/wp\/v2\/pages\/1488\/revisions"}],"wp:attachment":[{"href":"https:\/\/plantteq.com\/de\/wp-json\/wp\/v2\/media?parent=1488"}],"curies":[{"name":"wp","href":"https:\/\/api.w.org\/{rel}","templated":true}]}}